{"id":4798,"date":"2023-12-16T11:45:37","date_gmt":"2023-12-16T10:45:37","guid":{"rendered":"https:\/\/masseriaaipini.com\/?page_id=4798"},"modified":"2025-09-08T21:29:32","modified_gmt":"2025-09-08T19:29:32","slug":"conditions-generales-de-vente","status":"publish","type":"page","link":"https:\/\/masseriaaipini.com\/fr\/conditions-generales-de-vente\/","title":{"rendered":"Conditions g\u00e9n\u00e9rales de vente"},"content":{"rendered":"<h2>Conditions g\u00e9n\u00e9rales de vente<\/h2>\n<p><strong>Remarques importantes<\/strong><\/p>\n<p>&#8211; La piscine est ouverte chaque ann\u00e9e du 1er avril au 31 octobre.<\/p>\n<p>&#8211; Nous fournissons le linge de lit, les serviettes de toilette, les serviettes de piscine et les torchons une fois par p\u00e9riode de r\u00e9servation.<\/p>\n<p>&#8211; Nous tenons \u00e0 pr\u00e9ciser que l&rsquo;int\u00e9rieur de la Masseria ai Pini est non-fumeur. Il n&rsquo;est permis de fumer que dans la zone ext\u00e9rieure. Nous vous prions d&rsquo;y pr\u00eater une attention particuli\u00e8re pendant les mois d&rsquo;\u00e9t\u00e9 secs.<\/p>\n<p>&#8211; Nous tenons \u00e9galement \u00e0 pr\u00e9ciser que la Masseria ai Pini n&rsquo;est pas adapt\u00e9e aux enfants en bas \u00e2ge en raison de sa construction historique. En particulier, le premier \u00e9tage, auquel on acc\u00e8de par un escalier raide et \u00e9troit, les toits-terrasses et la piscine ne sont pas s\u00fbrs.<\/p>\n<p>&#8211; Les f\u00eates de toutes sortes, les tournages de films et de photos professionnels non autoris\u00e9s, l&rsquo;utilisation de la chemin\u00e9e dans la cuisine et les animaux domestiques ne sont pas autoris\u00e9s.<\/p>\n<p>&#8211; Sur demande, le lieu peut \u00eatre lou\u00e9 pour des tournages de films\/photos professionnels.<\/p>\n<p>&#8211; Des locations \u00e0 long terme en dehors de la saison de r\u00e9servation sont possibles sur demande.<\/p>\n<p><strong><br \/>Contact pour les r\u00e9servations<\/strong><\/p>\n<p>BBNV des Pouilles<br \/>Cristina Valente<br \/>Gestion de la propri\u00e9t\u00e9<br \/>T\u00e9l\u00e9phone: +39 393 811 19 88<br \/>E-mail: <a href=\"mailto:booking@masseriaaipini.it\">booking@masseriaaipini.it<\/a><\/p>\n<p><strong><br \/>R\u00e9servations et r\u00e9servations<br \/><\/strong><\/p>\n<p><strong>&#8211; R\u00e9servation minimale en jours:<\/strong><\/p>\n<p>&#8211; Mai (minimum 3 jours)<br \/>&#8211; Juin (minimum 3 jours)<br \/>&#8211; Juillet (minimum 4 jours)<br \/>&#8211; Ao\u00fbt, premi\u00e8re + derni\u00e8re semaine (minimum 4 jours)<br \/>&#8211; Ao\u00fbt, Ferragosto (minimum 7 jours)<br \/>&#8211; Septembre (minimum 3 jours)<br \/>&#8211; Octobre (minimum 3 jours)<\/p>\n<p>Autres dates sur demande \u00e0 <a href=\"mailto:booking@masseriaaipini.it\">booking@masseriaaipini.it<\/a><\/p>\n<p>&#8211; <strong>Acompte de confirmation<\/strong>: Pour confirmer votre r\u00e9servation, nous demandons un acompte de 50 % du montant total.<\/p>\n<p>&#8211; <strong>Paiement final<\/strong>: Le montant total de 50 % doit \u00eatre re\u00e7u au moins 30 jours avant l&rsquo;arriv\u00e9e.<\/p>\n<p>&#8211; <strong>Promotions<\/strong>: les r\u00e9servations avec code promotionnel (r\u00e9duction) sont fermes et ne peuvent pas \u00eatre annul\u00e9es.<\/p>\n<p>&#8211; <strong>Frais de nettoyage<\/strong>: Nous facturons 250 \u20ac par p\u00e9riode de r\u00e9servation.<\/p>\n<p>&#8211; <strong>D\u00e9p\u00f4t de garantie<\/strong>: Nous facturons 1.000 \u20ac par p\u00e9riode de r\u00e9servation \u00e0 votre arriv\u00e9e. Il vous sera restitu\u00e9 par virement bancaire dans les 10 jours suivant votre d\u00e9part. Tout dommage caus\u00e9 \u00e0 la propri\u00e9t\u00e9 sera d\u00e9duit du d\u00e9p\u00f4t de garantie.<\/p>\n<p>Le paiement peut \u00eatre effectu\u00e9 par virement bancaire ou par Paypal.<\/p>\n<p><strong><br \/>Conditions d&rsquo;annulation<\/strong><\/p>\n<p>&#8211; <strong>Jusqu&rsquo;\u00e0 90 jours<\/strong> avant l&rsquo;arriv\u00e9e, remboursement de 100 % du d\u00e9p\u00f4t de garantie.<\/p>\n<p>&#8211; <strong>De 90 jours \u00e0 30 jours<\/strong> avant l&rsquo;arriv\u00e9e, l&rsquo;acompte de confirmation de 50 % est conserv\u00e9 \u00e0 titre de p\u00e9nalit\u00e9.<\/p>\n<p>&#8211; <strong>Moins de 30 jours<\/strong> avant l&rsquo;arriv\u00e9e, pas de remboursement de l&rsquo;acompte de r\u00e9servation.<\/p>\n<p><strong><br \/>Paiement<\/strong><\/p>\n<p><strong>&#8211; Compte bancaire<\/strong><\/p>\n<p>Tu recevras les d\u00e9tails avec la confirmation de ta r\u00e9servation.<\/p>\n<p><strong>&#8211; Paypal<\/strong><\/p>\n<p><a href=\"http:\/\/paypal.me\/MasseriaaiPiniSRLS\">Paiement par Paypal<\/a><\/p>\n<p><strong><br \/>Emplacement de la Masseria<\/strong><\/p>\n<p>Masseria ai Pini<br \/>Contrada Grottamiranda, 3<br \/>72012 Carovigno (BR)<br \/>Pouilles\/Italie<\/p>\n<p><a href=\"https:\/\/www.google.it\/maps\/place\/40\u00b039'44.0%22N+17\u00b044'50.2%22E\/@40.6666249,17.6980647,14z\/data=!4m4!3m3!8m2!3d40.6622222!4d17.7472778?hl=de&amp;entry=ttu\">Localisation sur Google Maps<\/a><\/p>\n<p><strong><br \/>Bureau de l&rsquo;entreprise<\/strong><\/p>\n<p>Masseria ai Pini SRLS<br \/>Via della Scienze, 6<br \/>74015 Martina Franca, TR<br \/>Pouilles\/Italie<\/p>\n<p>Codice Fiscale: 03343160739<br \/>EU-VAT-ID: IT03343160739<br \/>CIS: BR07400242000026749<br \/>CIN: IT074002B400091210<\/p>\n<p>\u00a0<\/p>\n\n\n<p><\/p>\n","protected":false},"excerpt":{"rendered":"<p>Conditions g\u00e9n\u00e9rales de vente Remarques importantes &#8211; La piscine est ouverte chaque ann\u00e9e du 1er avril au 31 octobre. &#8211; Nous fournissons le linge de lit, les serviettes de toilette, les serviettes de piscine et les torchons une fois par p\u00e9riode de r\u00e9servation. &#8211; Nous tenons \u00e0 pr\u00e9ciser que l&rsquo;int\u00e9rieur de la Masseria ai Pini &#8230; <a class=\"more-link\" href=\"https:\/\/masseriaaipini.com\/fr\/conditions-generales-de-vente\/\">Continue reading<\/a><\/p>\n","protected":false},"author":1,"featured_media":0,"parent":0,"menu_order":0,"comment_status":"closed","ping_status":"closed","template":"","meta":{"_coblocks_attr":"","_coblocks_dimensions":"","_coblocks_responsive_height":"","_coblocks_accordion_ie_support":"","footnotes":""},"class_list":["post-4798","page","type-page","status-publish","hentry"],"yoast_head":"<!-- This site is optimized with the Yoast SEO plugin v27.5 - https:\/\/yoast.com\/product\/yoast-seo-wordpress\/ -->\n<title>Conditions g\u00e9n\u00e9rales de vente - Masseria ai Pini<\/title>\n<meta name=\"robots\" content=\"noindex, follow\" \/>\n<meta name=\"twitter:label1\" content=\"Dur\u00e9e de lecture estim\u00e9e\" \/>\n\t<meta name=\"twitter:data1\" content=\"3 minutes\" \/>\n<script type=\"application\/ld+json\" class=\"yoast-schema-graph\">{\"@context\":\"https:\\\/\\\/schema.org\",\"@graph\":[{\"@type\":\"WebPage\",\"@id\":\"https:\\\/\\\/masseriaaipini.com\\\/fr\\\/conditions-generales-de-vente\\\/\",\"url\":\"https:\\\/\\\/masseriaaipini.com\\\/fr\\\/conditions-generales-de-vente\\\/\",\"name\":\"Conditions g\u00e9n\u00e9rales de vente - Masseria ai Pini\",\"isPartOf\":{\"@id\":\"https:\\\/\\\/masseriaaipini.com\\\/en\\\/#website\"},\"datePublished\":\"2023-12-16T10:45:37+00:00\",\"dateModified\":\"2025-09-08T19:29:32+00:00\",\"breadcrumb\":{\"@id\":\"https:\\\/\\\/masseriaaipini.com\\\/fr\\\/conditions-generales-de-vente\\\/#breadcrumb\"},\"inLanguage\":\"fr-FR\",\"potentialAction\":[{\"@type\":\"ReadAction\",\"target\":[\"https:\\\/\\\/masseriaaipini.com\\\/fr\\\/conditions-generales-de-vente\\\/\"]}]},{\"@type\":\"BreadcrumbList\",\"@id\":\"https:\\\/\\\/masseriaaipini.com\\\/fr\\\/conditions-generales-de-vente\\\/#breadcrumb\",\"itemListElement\":[{\"@type\":\"ListItem\",\"position\":1,\"name\":\"Home\",\"item\":\"https:\\\/\\\/masseriaaipini.com\\\/fr\\\/\"},{\"@type\":\"ListItem\",\"position\":2,\"name\":\"Conditions g\u00e9n\u00e9rales de vente\"}]},{\"@type\":\"WebSite\",\"@id\":\"https:\\\/\\\/masseriaaipini.com\\\/en\\\/#website\",\"url\":\"https:\\\/\\\/masseriaaipini.com\\\/en\\\/\",\"name\":\"Masseria ai Pini\",\"description\":\"An exclusive, private Holiday-Villa with pool in Apulia\",\"publisher\":{\"@id\":\"https:\\\/\\\/masseriaaipini.com\\\/en\\\/#organization\"},\"potentialAction\":[{\"@type\":\"SearchAction\",\"target\":{\"@type\":\"EntryPoint\",\"urlTemplate\":\"https:\\\/\\\/masseriaaipini.com\\\/en\\\/?s={search_term_string}\"},\"query-input\":{\"@type\":\"PropertyValueSpecification\",\"valueRequired\":true,\"valueName\":\"search_term_string\"}}],\"inLanguage\":\"fr-FR\"},{\"@type\":\"Organization\",\"@id\":\"https:\\\/\\\/masseriaaipini.com\\\/en\\\/#organization\",\"name\":\"Masseria ai Pini\",\"url\":\"https:\\\/\\\/masseriaaipini.com\\\/en\\\/\",\"logo\":{\"@type\":\"ImageObject\",\"inLanguage\":\"fr-FR\",\"@id\":\"https:\\\/\\\/masseriaaipini.com\\\/en\\\/#\\\/schema\\\/logo\\\/image\\\/\",\"url\":\"https:\\\/\\\/masseriaaipini.com\\\/wp-content\\\/uploads\\\/2023\\\/11\\\/MAP_Logo_1c.png\",\"contentUrl\":\"https:\\\/\\\/masseriaaipini.com\\\/wp-content\\\/uploads\\\/2023\\\/11\\\/MAP_Logo_1c.png\",\"width\":842,\"height\":595,\"caption\":\"Masseria ai Pini\"},\"image\":{\"@id\":\"https:\\\/\\\/masseriaaipini.com\\\/en\\\/#\\\/schema\\\/logo\\\/image\\\/\"},\"sameAs\":[\"https:\\\/\\\/www.facebook.com\\\/profile.php?id=61554791164384\",\"https:\\\/\\\/www.instagram.com\\\/masseria_ai_pini\\\/\"]}]}<\/script>\n<!-- \/ Yoast SEO plugin. -->","yoast_head_json":{"title":"Conditions g\u00e9n\u00e9rales de vente - Masseria ai Pini","robots":{"index":"noindex","follow":"follow"},"twitter_misc":{"Dur\u00e9e de lecture estim\u00e9e":"3 minutes"},"schema":{"@context":"https:\/\/schema.org","@graph":[{"@type":"WebPage","@id":"https:\/\/masseriaaipini.com\/fr\/conditions-generales-de-vente\/","url":"https:\/\/masseriaaipini.com\/fr\/conditions-generales-de-vente\/","name":"Conditions g\u00e9n\u00e9rales de vente - Masseria ai Pini","isPartOf":{"@id":"https:\/\/masseriaaipini.com\/en\/#website"},"datePublished":"2023-12-16T10:45:37+00:00","dateModified":"2025-09-08T19:29:32+00:00","breadcrumb":{"@id":"https:\/\/masseriaaipini.com\/fr\/conditions-generales-de-vente\/#breadcrumb"},"inLanguage":"fr-FR","potentialAction":[{"@type":"ReadAction","target":["https:\/\/masseriaaipini.com\/fr\/conditions-generales-de-vente\/"]}]},{"@type":"BreadcrumbList","@id":"https:\/\/masseriaaipini.com\/fr\/conditions-generales-de-vente\/#breadcrumb","itemListElement":[{"@type":"ListItem","position":1,"name":"Home","item":"https:\/\/masseriaaipini.com\/fr\/"},{"@type":"ListItem","position":2,"name":"Conditions g\u00e9n\u00e9rales de vente"}]},{"@type":"WebSite","@id":"https:\/\/masseriaaipini.com\/en\/#website","url":"https:\/\/masseriaaipini.com\/en\/","name":"Masseria ai Pini","description":"An exclusive, private Holiday-Villa with pool in Apulia","publisher":{"@id":"https:\/\/masseriaaipini.com\/en\/#organization"},"potentialAction":[{"@type":"SearchAction","target":{"@type":"EntryPoint","urlTemplate":"https:\/\/masseriaaipini.com\/en\/?s={search_term_string}"},"query-input":{"@type":"PropertyValueSpecification","valueRequired":true,"valueName":"search_term_string"}}],"inLanguage":"fr-FR"},{"@type":"Organization","@id":"https:\/\/masseriaaipini.com\/en\/#organization","name":"Masseria ai Pini","url":"https:\/\/masseriaaipini.com\/en\/","logo":{"@type":"ImageObject","inLanguage":"fr-FR","@id":"https:\/\/masseriaaipini.com\/en\/#\/schema\/logo\/image\/","url":"https:\/\/masseriaaipini.com\/wp-content\/uploads\/2023\/11\/MAP_Logo_1c.png","contentUrl":"https:\/\/masseriaaipini.com\/wp-content\/uploads\/2023\/11\/MAP_Logo_1c.png","width":842,"height":595,"caption":"Masseria ai Pini"},"image":{"@id":"https:\/\/masseriaaipini.com\/en\/#\/schema\/logo\/image\/"},"sameAs":["https:\/\/www.facebook.com\/profile.php?id=61554791164384","https:\/\/www.instagram.com\/masseria_ai_pini\/"]}]}},"_links":{"self":[{"href":"https:\/\/masseriaaipini.com\/fr\/wp-json\/wp\/v2\/pages\/4798","targetHints":{"allow":["GET"]}}],"collection":[{"href":"https:\/\/masseriaaipini.com\/fr\/wp-json\/wp\/v2\/pages"}],"about":[{"href":"https:\/\/masseriaaipini.com\/fr\/wp-json\/wp\/v2\/types\/page"}],"author":[{"embeddable":true,"href":"https:\/\/masseriaaipini.com\/fr\/wp-json\/wp\/v2\/users\/1"}],"replies":[{"embeddable":true,"href":"https:\/\/masseriaaipini.com\/fr\/wp-json\/wp\/v2\/comments?post=4798"}],"version-history":[{"count":0,"href":"https:\/\/masseriaaipini.com\/fr\/wp-json\/wp\/v2\/pages\/4798\/revisions"}],"wp:attachment":[{"href":"https:\/\/masseriaaipini.com\/fr\/wp-json\/wp\/v2\/media?parent=4798"}],"curies":[{"name":"wp","href":"https:\/\/api.w.org\/{rel}","templated":true}]}}