{"id":4791,"date":"2023-12-16T11:45:37","date_gmt":"2023-12-16T10:45:37","guid":{"rendered":"https:\/\/masseriaaipini.com\/?page_id=4791"},"modified":"2025-09-08T21:28:48","modified_gmt":"2025-09-08T19:28:48","slug":"condiciones-generales-de-contratacion","status":"publish","type":"page","link":"https:\/\/masseriaaipini.com\/es\/condiciones-generales-de-contratacion\/","title":{"rendered":"Condiciones generales de contrataci\u00f3n"},"content":{"rendered":"<h2>Condiciones generales de contrataci\u00f3n<\/h2>\n<p><strong>Notas importantes<\/strong><\/p>\n<p>&#8211; La piscina est\u00e1 abierta todos los a\u00f1os del 1 de abril al 31 de octubre.<\/p>\n<p>&#8211; Proporcionamos ropa de cama, toallas de ba\u00f1o, toallas de piscina y pa\u00f1os de cocina una vez por cada per\u00edodo de reserva.<\/p>\n<p>&#8211; Le informamos de que en el interior de la Masseria ai Pini no se puede fumar. S\u00f3lo se permite fumar en la zona exterior. Por favor, preste especial atenci\u00f3n a este punto en los meses secos de verano.<\/p>\n<p>&#8211; Tambi\u00e9n nos gustar\u00eda se\u00f1alar expresamente que la Masseria ai Pini no es adecuada para ni\u00f1os peque\u00f1os debido a su construcci\u00f3n hist\u00f3rica. En particular, la 1\u00aa planta, a la que se accede por una escalera empinada y estrecha, las terrazas de la azotea y la zona de la piscina no son seguras.<\/p>\n<p>&#8211; No est\u00e1n permitidas las fiestas de ning\u00fan tipo, las filmaciones\/fotos profesionales no autorizadas, el uso de la chimenea de la cocina ni los animales dom\u00e9sticos.<\/p>\n<p>&#8211; El lugar puede alquilarse para rodajes profesionales previa solicitud.<\/p>\n<p>&#8211; Posibilidad de alquiler a largo plazo fuera de la temporada de reserva previa solicitud.<\/p>\n<p><strong><br \/>Contacto para reservas<\/strong><\/p>\n<p>ApulianBNV<br \/>Cristina Valente<br \/>Gesti\u00f3n de la propiedad<br \/>Tel\u00e9fono: +39 393 811 19 88<br \/>E-mail: <a href=\"mailto:booking@masseriaaipini.it\">booking@masseriaaipini.it<\/a><\/p>\n<p><strong><br \/>Reserva<\/strong><\/p>\n<p><strong>&#8211; Reserva m\u00ednima en d\u00edas:<\/strong><\/p>\n<p>&#8211; Mayo (m\u00ednimo 3 d\u00edas)<br \/>&#8211; Junio (m\u00ednimo 3 d\u00edas)<br \/>&#8211; Julio (m\u00ednimo 4 d\u00edas)<br \/>&#8211; Agosto, primera + \u00faltima semana (m\u00ednimo 4 d\u00edas)<br \/>&#8211; Agosto, Ferragosto (m\u00ednimo 7 d\u00edas)<br \/>&#8211; Septiembre (m\u00ednimo 3 d\u00edas)<br \/>&#8211; Octubre (m\u00ednimo 3 d\u00edas)<\/p>\n<p>Otras fechas previa solicitud a <a href=\"mailto:booking@masseriaaipini.it\">booking@masseriaaipini.it<\/a><\/p>\n<p>&#8211; <strong>Dep\u00f3sito de confirmaci\u00f3n<\/strong>: Para confirmar su reserva, le pedimos un dep\u00f3sito del 50 % del importe total.<\/p>\n<p>&#8211; <strong>Pago final<\/strong>: El importe total del 50 % debe recibirse como m\u00ednimo 30 d\u00edas antes de la llegada.<\/p>\n<p>&#8211; <strong>Promociones<\/strong>: Las reservas con un c\u00f3digo de promoci\u00f3n (descuento) son vinculantes y no se pueden cancelar.<\/p>\n<p>&#8211; <strong>Tasa de limpieza<\/strong>: Cobramos 250 euros por per\u00edodo de reserva.<\/p>\n<p>&#8211; <strong>Dep\u00f3sito de seguridad<\/strong>: Por per\u00edodo de reserva cobramos 1.000 \u20ac a su llegada. Se devolver\u00e1 en un plazo de 10 d\u00edas a partir de la salida mediante transferencia bancaria. Cualquier da\u00f1o a la propiedad se deducir\u00e1 del dep\u00f3sito de seguridad.<\/p>\n<p>El pago se puede realizar por transferencia bancaria o Paypal.<\/p>\n<p><strong><br \/>Pol\u00edtica de cancelaci\u00f3n<\/strong><\/p>\n<p>&#8211; <strong>Hasta 90 d\u00edas<\/strong> antes de la llegada devoluci\u00f3n del 100 % del dep\u00f3sito de confirmaci\u00f3n.<\/p>\n<p>&#8211; <strong>De 90 d\u00edas a 30 d\u00edas<\/strong> antes de su llegada se retiene el 50 % del dep\u00f3sito de confirmaci\u00f3n en concepto de penalizaci\u00f3n.<\/p>\n<p>&#8211; <strong>Menos de 30 d\u00edas<\/strong> antes de su llegada, no se devuelve el dep\u00f3sito de reserva.<\/p>\n<p><strong><br \/>Pago<\/strong><\/p>\n<p><strong>&#8211; Cuenta bancaria<\/strong><\/p>\n<p>Recibir\u00e1 los detalles con la confirmaci\u00f3n de su reserva.<\/p>\n<p><strong>&#8211; Pago por Paypal<\/strong><\/p>\n<p><a href=\"http:\/\/paypal.me\/MasseriaaiPiniSRLS\">Pago a trav\u00e9s de Paypal<\/a><\/p>\n<p><strong><br \/>Ubicaci\u00f3n de la Masseria<\/strong><\/p>\n<p>Masseria ai Pini<br \/>Contrada Grottamiranda, 3<br \/>72012 Carovigno (BR)<br \/>Apulia\/Italia<\/p>\n<p><a href=\"https:\/\/www.google.it\/maps\/place\/40\u00b039'44.0%22N+17\u00b044'50.2%22E\/@40.5656051,17.7953967,11z\/data=!4m4!3m3!8m2!3d40.6622222!4d17.7472778?hl=de&amp;entry=ttu\">Ubicaci\u00f3n en Google Maps<\/a><\/p>\n<p><strong><br \/>Oficina de la empresa<\/strong><\/p>\n<p>Masseria ai Pini SRLS<br \/>Via della Scienze, 6<br \/>74015 Martina Franca, TR<br \/>Apulia\/Italia<\/p>\n<p>Codice Fiscale: 03343160739<br \/>EU-VAT-ID: IT03343160739<br \/>CIS: BR07400242000026749<br \/>CIN: IT074002B400091210<\/p>\n\n\n<p><\/p>\n","protected":false},"excerpt":{"rendered":"<p>Condiciones generales de contrataci\u00f3n Notas importantes &#8211; La piscina est\u00e1 abierta todos los a\u00f1os del 1 de abril al 31 de octubre. &#8211; Proporcionamos ropa de cama, toallas de ba\u00f1o, toallas de piscina y pa\u00f1os de cocina una vez por cada per\u00edodo de reserva. &#8211; Le informamos de que en el interior de la Masseria &#8230; <a class=\"more-link\" href=\"https:\/\/masseriaaipini.com\/es\/condiciones-generales-de-contratacion\/\">Continue reading<\/a><\/p>\n","protected":false},"author":1,"featured_media":0,"parent":0,"menu_order":0,"comment_status":"closed","ping_status":"closed","template":"","meta":{"_coblocks_attr":"","_coblocks_dimensions":"","_coblocks_responsive_height":"","_coblocks_accordion_ie_support":"","footnotes":""},"class_list":["post-4791","page","type-page","status-publish","hentry"],"yoast_head":"<!-- This site is optimized with the Yoast SEO plugin v27.5 - https:\/\/yoast.com\/product\/yoast-seo-wordpress\/ -->\n<title>Condiciones generales de contrataci\u00f3n - Masseria ai Pini<\/title>\n<meta name=\"robots\" content=\"noindex, follow\" \/>\n<meta name=\"twitter:label1\" content=\"Tiempo de lectura\" \/>\n\t<meta name=\"twitter:data1\" content=\"3 minutos\" \/>\n<script type=\"application\/ld+json\" class=\"yoast-schema-graph\">{\"@context\":\"https:\\\/\\\/schema.org\",\"@graph\":[{\"@type\":\"WebPage\",\"@id\":\"https:\\\/\\\/masseriaaipini.com\\\/es\\\/condiciones-generales-de-contratacion\\\/\",\"url\":\"https:\\\/\\\/masseriaaipini.com\\\/es\\\/condiciones-generales-de-contratacion\\\/\",\"name\":\"Condiciones generales de contrataci\u00f3n - Masseria ai Pini\",\"isPartOf\":{\"@id\":\"https:\\\/\\\/masseriaaipini.com\\\/en\\\/#website\"},\"datePublished\":\"2023-12-16T10:45:37+00:00\",\"dateModified\":\"2025-09-08T19:28:48+00:00\",\"breadcrumb\":{\"@id\":\"https:\\\/\\\/masseriaaipini.com\\\/es\\\/condiciones-generales-de-contratacion\\\/#breadcrumb\"},\"inLanguage\":\"es\",\"potentialAction\":[{\"@type\":\"ReadAction\",\"target\":[\"https:\\\/\\\/masseriaaipini.com\\\/es\\\/condiciones-generales-de-contratacion\\\/\"]}]},{\"@type\":\"BreadcrumbList\",\"@id\":\"https:\\\/\\\/masseriaaipini.com\\\/es\\\/condiciones-generales-de-contratacion\\\/#breadcrumb\",\"itemListElement\":[{\"@type\":\"ListItem\",\"position\":1,\"name\":\"Home\",\"item\":\"https:\\\/\\\/masseriaaipini.com\\\/es\\\/\"},{\"@type\":\"ListItem\",\"position\":2,\"name\":\"Condiciones generales de contrataci\u00f3n\"}]},{\"@type\":\"WebSite\",\"@id\":\"https:\\\/\\\/masseriaaipini.com\\\/en\\\/#website\",\"url\":\"https:\\\/\\\/masseriaaipini.com\\\/en\\\/\",\"name\":\"Masseria ai Pini\",\"description\":\"An exclusive, private Holiday-Villa with pool in Apulia\",\"publisher\":{\"@id\":\"https:\\\/\\\/masseriaaipini.com\\\/en\\\/#organization\"},\"potentialAction\":[{\"@type\":\"SearchAction\",\"target\":{\"@type\":\"EntryPoint\",\"urlTemplate\":\"https:\\\/\\\/masseriaaipini.com\\\/en\\\/?s={search_term_string}\"},\"query-input\":{\"@type\":\"PropertyValueSpecification\",\"valueRequired\":true,\"valueName\":\"search_term_string\"}}],\"inLanguage\":\"es\"},{\"@type\":\"Organization\",\"@id\":\"https:\\\/\\\/masseriaaipini.com\\\/en\\\/#organization\",\"name\":\"Masseria ai Pini\",\"url\":\"https:\\\/\\\/masseriaaipini.com\\\/en\\\/\",\"logo\":{\"@type\":\"ImageObject\",\"inLanguage\":\"es\",\"@id\":\"https:\\\/\\\/masseriaaipini.com\\\/en\\\/#\\\/schema\\\/logo\\\/image\\\/\",\"url\":\"https:\\\/\\\/masseriaaipini.com\\\/wp-content\\\/uploads\\\/2023\\\/11\\\/MAP_Logo_1c.png\",\"contentUrl\":\"https:\\\/\\\/masseriaaipini.com\\\/wp-content\\\/uploads\\\/2023\\\/11\\\/MAP_Logo_1c.png\",\"width\":842,\"height\":595,\"caption\":\"Masseria ai Pini\"},\"image\":{\"@id\":\"https:\\\/\\\/masseriaaipini.com\\\/en\\\/#\\\/schema\\\/logo\\\/image\\\/\"},\"sameAs\":[\"https:\\\/\\\/www.facebook.com\\\/profile.php?id=61554791164384\",\"https:\\\/\\\/www.instagram.com\\\/masseria_ai_pini\\\/\"]}]}<\/script>\n<!-- \/ Yoast SEO plugin. -->","yoast_head_json":{"title":"Condiciones generales de contrataci\u00f3n - Masseria ai Pini","robots":{"index":"noindex","follow":"follow"},"twitter_misc":{"Tiempo de lectura":"3 minutos"},"schema":{"@context":"https:\/\/schema.org","@graph":[{"@type":"WebPage","@id":"https:\/\/masseriaaipini.com\/es\/condiciones-generales-de-contratacion\/","url":"https:\/\/masseriaaipini.com\/es\/condiciones-generales-de-contratacion\/","name":"Condiciones generales de contrataci\u00f3n - Masseria ai Pini","isPartOf":{"@id":"https:\/\/masseriaaipini.com\/en\/#website"},"datePublished":"2023-12-16T10:45:37+00:00","dateModified":"2025-09-08T19:28:48+00:00","breadcrumb":{"@id":"https:\/\/masseriaaipini.com\/es\/condiciones-generales-de-contratacion\/#breadcrumb"},"inLanguage":"es","potentialAction":[{"@type":"ReadAction","target":["https:\/\/masseriaaipini.com\/es\/condiciones-generales-de-contratacion\/"]}]},{"@type":"BreadcrumbList","@id":"https:\/\/masseriaaipini.com\/es\/condiciones-generales-de-contratacion\/#breadcrumb","itemListElement":[{"@type":"ListItem","position":1,"name":"Home","item":"https:\/\/masseriaaipini.com\/es\/"},{"@type":"ListItem","position":2,"name":"Condiciones generales de contrataci\u00f3n"}]},{"@type":"WebSite","@id":"https:\/\/masseriaaipini.com\/en\/#website","url":"https:\/\/masseriaaipini.com\/en\/","name":"Masseria ai Pini","description":"An exclusive, private Holiday-Villa with pool in Apulia","publisher":{"@id":"https:\/\/masseriaaipini.com\/en\/#organization"},"potentialAction":[{"@type":"SearchAction","target":{"@type":"EntryPoint","urlTemplate":"https:\/\/masseriaaipini.com\/en\/?s={search_term_string}"},"query-input":{"@type":"PropertyValueSpecification","valueRequired":true,"valueName":"search_term_string"}}],"inLanguage":"es"},{"@type":"Organization","@id":"https:\/\/masseriaaipini.com\/en\/#organization","name":"Masseria ai Pini","url":"https:\/\/masseriaaipini.com\/en\/","logo":{"@type":"ImageObject","inLanguage":"es","@id":"https:\/\/masseriaaipini.com\/en\/#\/schema\/logo\/image\/","url":"https:\/\/masseriaaipini.com\/wp-content\/uploads\/2023\/11\/MAP_Logo_1c.png","contentUrl":"https:\/\/masseriaaipini.com\/wp-content\/uploads\/2023\/11\/MAP_Logo_1c.png","width":842,"height":595,"caption":"Masseria ai Pini"},"image":{"@id":"https:\/\/masseriaaipini.com\/en\/#\/schema\/logo\/image\/"},"sameAs":["https:\/\/www.facebook.com\/profile.php?id=61554791164384","https:\/\/www.instagram.com\/masseria_ai_pini\/"]}]}},"_links":{"self":[{"href":"https:\/\/masseriaaipini.com\/es\/wp-json\/wp\/v2\/pages\/4791","targetHints":{"allow":["GET"]}}],"collection":[{"href":"https:\/\/masseriaaipini.com\/es\/wp-json\/wp\/v2\/pages"}],"about":[{"href":"https:\/\/masseriaaipini.com\/es\/wp-json\/wp\/v2\/types\/page"}],"author":[{"embeddable":true,"href":"https:\/\/masseriaaipini.com\/es\/wp-json\/wp\/v2\/users\/1"}],"replies":[{"embeddable":true,"href":"https:\/\/masseriaaipini.com\/es\/wp-json\/wp\/v2\/comments?post=4791"}],"version-history":[{"count":0,"href":"https:\/\/masseriaaipini.com\/es\/wp-json\/wp\/v2\/pages\/4791\/revisions"}],"wp:attachment":[{"href":"https:\/\/masseriaaipini.com\/es\/wp-json\/wp\/v2\/media?parent=4791"}],"curies":[{"name":"wp","href":"https:\/\/api.w.org\/{rel}","templated":true}]}}