{"id":4787,"date":"2023-12-18T16:24:07","date_gmt":"2023-12-18T15:24:07","guid":{"rendered":"https:\/\/masseriaaipini.com\/?page_id=4787"},"modified":"2024-01-23T06:36:40","modified_gmt":"2024-01-23T05:36:40","slug":"proteccion-de-datos","status":"publish","type":"page","link":"https:\/\/masseriaaipini.com\/es\/proteccion-de-datos\/","title":{"rendered":"Protecci\u00f3n de datos"},"content":{"rendered":"<h2>Protecci\u00f3n de datos of masseriaaipini.com<\/h2>\n<p>Esta Aplicaci\u00f3n recoge algunos Datos Personales relativos a sus usuarios.<\/p>\n<p><strong>Responsable de la protecci\u00f3n de datos<\/strong><br \/>\nSusanne Panknin<\/p>\n<p>Datos Personales tratados para las siguientes finalidades y utilizando los siguientes servicios:<\/p>\n<p><strong>Contacto con el usuario<\/strong><br \/>\nFormulario de contacto, lista de correo o bolet\u00edn informativo:<br \/>\nDatos personales: Apellidos, nombre, correo electr\u00f3nico<\/p>\n<p><strong>Gesti\u00f3n de etiquetas<\/strong><br \/>\nGoogle Tag Manager<br \/>\nDatos personales: Datos de uso<\/p>\n<p><strong>Estad\u00edsticas de usuario<\/strong><br \/>\nGoogle Analytics<br \/>\nDatos personales: Datos de uso, herramientas de seguimiento<\/p>\n<p><strong>Visualizaci\u00f3n de contenidos de plataformas externas<\/strong><br \/>\nGoogle Fonts<br \/>\nDatos personales: Datos de uso, herramientas de seguimiento<\/p>\n<p><strong>Instagram<\/strong><br \/>\nTrabajo en curso<\/p>\n<p><strong>Facebook<\/strong><br \/>\nTrabajo en curso<\/p>\n","protected":false},"excerpt":{"rendered":"<p>Protecci\u00f3n de datos of masseriaaipini.com Esta Aplicaci\u00f3n recoge algunos Datos Personales relativos a sus usuarios. Responsable de la protecci\u00f3n de datos Susanne Panknin Datos Personales tratados para las siguientes finalidades y utilizando los siguientes servicios: Contacto con el usuario Formulario de contacto, lista de correo o bolet\u00edn informativo: Datos personales: Apellidos, nombre, correo electr\u00f3nico Gesti\u00f3n &#8230; <a class=\"more-link\" href=\"https:\/\/masseriaaipini.com\/es\/proteccion-de-datos\/\">Continue reading<\/a><\/p>\n","protected":false},"author":1,"featured_media":0,"parent":0,"menu_order":0,"comment_status":"closed","ping_status":"closed","template":"","meta":{"_coblocks_attr":"","_coblocks_dimensions":"","_coblocks_responsive_height":"","_coblocks_accordion_ie_support":"","footnotes":""},"class_list":["post-4787","page","type-page","status-publish","hentry"],"yoast_head":"<!-- This site is optimized with the Yoast SEO plugin v27.5 - https:\/\/yoast.com\/product\/yoast-seo-wordpress\/ -->\n<title>Protecci\u00f3n de datos - Masseria ai Pini<\/title>\n<meta name=\"robots\" content=\"noindex, follow\" \/>\n<meta name=\"twitter:label1\" content=\"Tiempo de lectura\" \/>\n\t<meta name=\"twitter:data1\" content=\"1 minuto\" \/>\n<script type=\"application\/ld+json\" class=\"yoast-schema-graph\">{\"@context\":\"https:\\\/\\\/schema.org\",\"@graph\":[{\"@type\":\"WebPage\",\"@id\":\"https:\\\/\\\/masseriaaipini.com\\\/es\\\/proteccion-de-datos\\\/\",\"url\":\"https:\\\/\\\/masseriaaipini.com\\\/es\\\/proteccion-de-datos\\\/\",\"name\":\"Protecci\u00f3n de datos - Masseria ai Pini\",\"isPartOf\":{\"@id\":\"https:\\\/\\\/masseriaaipini.com\\\/en\\\/#website\"},\"datePublished\":\"2023-12-18T15:24:07+00:00\",\"dateModified\":\"2024-01-23T05:36:40+00:00\",\"breadcrumb\":{\"@id\":\"https:\\\/\\\/masseriaaipini.com\\\/es\\\/proteccion-de-datos\\\/#breadcrumb\"},\"inLanguage\":\"es\",\"potentialAction\":[{\"@type\":\"ReadAction\",\"target\":[\"https:\\\/\\\/masseriaaipini.com\\\/es\\\/proteccion-de-datos\\\/\"]}]},{\"@type\":\"BreadcrumbList\",\"@id\":\"https:\\\/\\\/masseriaaipini.com\\\/es\\\/proteccion-de-datos\\\/#breadcrumb\",\"itemListElement\":[{\"@type\":\"ListItem\",\"position\":1,\"name\":\"Home\",\"item\":\"https:\\\/\\\/masseriaaipini.com\\\/es\\\/\"},{\"@type\":\"ListItem\",\"position\":2,\"name\":\"Protecci\u00f3n de datos\"}]},{\"@type\":\"WebSite\",\"@id\":\"https:\\\/\\\/masseriaaipini.com\\\/en\\\/#website\",\"url\":\"https:\\\/\\\/masseriaaipini.com\\\/en\\\/\",\"name\":\"Masseria ai Pini\",\"description\":\"An exclusive, private Holiday-Villa with pool in Apulia\",\"publisher\":{\"@id\":\"https:\\\/\\\/masseriaaipini.com\\\/en\\\/#organization\"},\"potentialAction\":[{\"@type\":\"SearchAction\",\"target\":{\"@type\":\"EntryPoint\",\"urlTemplate\":\"https:\\\/\\\/masseriaaipini.com\\\/en\\\/?s={search_term_string}\"},\"query-input\":{\"@type\":\"PropertyValueSpecification\",\"valueRequired\":true,\"valueName\":\"search_term_string\"}}],\"inLanguage\":\"es\"},{\"@type\":\"Organization\",\"@id\":\"https:\\\/\\\/masseriaaipini.com\\\/en\\\/#organization\",\"name\":\"Masseria ai Pini\",\"url\":\"https:\\\/\\\/masseriaaipini.com\\\/en\\\/\",\"logo\":{\"@type\":\"ImageObject\",\"inLanguage\":\"es\",\"@id\":\"https:\\\/\\\/masseriaaipini.com\\\/en\\\/#\\\/schema\\\/logo\\\/image\\\/\",\"url\":\"https:\\\/\\\/masseriaaipini.com\\\/wp-content\\\/uploads\\\/2023\\\/11\\\/MAP_Logo_1c.png\",\"contentUrl\":\"https:\\\/\\\/masseriaaipini.com\\\/wp-content\\\/uploads\\\/2023\\\/11\\\/MAP_Logo_1c.png\",\"width\":842,\"height\":595,\"caption\":\"Masseria ai Pini\"},\"image\":{\"@id\":\"https:\\\/\\\/masseriaaipini.com\\\/en\\\/#\\\/schema\\\/logo\\\/image\\\/\"},\"sameAs\":[\"https:\\\/\\\/www.facebook.com\\\/profile.php?id=61554791164384\",\"https:\\\/\\\/www.instagram.com\\\/masseria_ai_pini\\\/\"]}]}<\/script>\n<!-- \/ Yoast SEO plugin. -->","yoast_head_json":{"title":"Protecci\u00f3n de datos - Masseria ai Pini","robots":{"index":"noindex","follow":"follow"},"twitter_misc":{"Tiempo de lectura":"1 minuto"},"schema":{"@context":"https:\/\/schema.org","@graph":[{"@type":"WebPage","@id":"https:\/\/masseriaaipini.com\/es\/proteccion-de-datos\/","url":"https:\/\/masseriaaipini.com\/es\/proteccion-de-datos\/","name":"Protecci\u00f3n de datos - Masseria ai Pini","isPartOf":{"@id":"https:\/\/masseriaaipini.com\/en\/#website"},"datePublished":"2023-12-18T15:24:07+00:00","dateModified":"2024-01-23T05:36:40+00:00","breadcrumb":{"@id":"https:\/\/masseriaaipini.com\/es\/proteccion-de-datos\/#breadcrumb"},"inLanguage":"es","potentialAction":[{"@type":"ReadAction","target":["https:\/\/masseriaaipini.com\/es\/proteccion-de-datos\/"]}]},{"@type":"BreadcrumbList","@id":"https:\/\/masseriaaipini.com\/es\/proteccion-de-datos\/#breadcrumb","itemListElement":[{"@type":"ListItem","position":1,"name":"Home","item":"https:\/\/masseriaaipini.com\/es\/"},{"@type":"ListItem","position":2,"name":"Protecci\u00f3n de datos"}]},{"@type":"WebSite","@id":"https:\/\/masseriaaipini.com\/en\/#website","url":"https:\/\/masseriaaipini.com\/en\/","name":"Masseria ai Pini","description":"An exclusive, private Holiday-Villa with pool in Apulia","publisher":{"@id":"https:\/\/masseriaaipini.com\/en\/#organization"},"potentialAction":[{"@type":"SearchAction","target":{"@type":"EntryPoint","urlTemplate":"https:\/\/masseriaaipini.com\/en\/?s={search_term_string}"},"query-input":{"@type":"PropertyValueSpecification","valueRequired":true,"valueName":"search_term_string"}}],"inLanguage":"es"},{"@type":"Organization","@id":"https:\/\/masseriaaipini.com\/en\/#organization","name":"Masseria ai Pini","url":"https:\/\/masseriaaipini.com\/en\/","logo":{"@type":"ImageObject","inLanguage":"es","@id":"https:\/\/masseriaaipini.com\/en\/#\/schema\/logo\/image\/","url":"https:\/\/masseriaaipini.com\/wp-content\/uploads\/2023\/11\/MAP_Logo_1c.png","contentUrl":"https:\/\/masseriaaipini.com\/wp-content\/uploads\/2023\/11\/MAP_Logo_1c.png","width":842,"height":595,"caption":"Masseria ai Pini"},"image":{"@id":"https:\/\/masseriaaipini.com\/en\/#\/schema\/logo\/image\/"},"sameAs":["https:\/\/www.facebook.com\/profile.php?id=61554791164384","https:\/\/www.instagram.com\/masseria_ai_pini\/"]}]}},"_links":{"self":[{"href":"https:\/\/masseriaaipini.com\/es\/wp-json\/wp\/v2\/pages\/4787","targetHints":{"allow":["GET"]}}],"collection":[{"href":"https:\/\/masseriaaipini.com\/es\/wp-json\/wp\/v2\/pages"}],"about":[{"href":"https:\/\/masseriaaipini.com\/es\/wp-json\/wp\/v2\/types\/page"}],"author":[{"embeddable":true,"href":"https:\/\/masseriaaipini.com\/es\/wp-json\/wp\/v2\/users\/1"}],"replies":[{"embeddable":true,"href":"https:\/\/masseriaaipini.com\/es\/wp-json\/wp\/v2\/comments?post=4787"}],"version-history":[{"count":0,"href":"https:\/\/masseriaaipini.com\/es\/wp-json\/wp\/v2\/pages\/4787\/revisions"}],"wp:attachment":[{"href":"https:\/\/masseriaaipini.com\/es\/wp-json\/wp\/v2\/media?parent=4787"}],"curies":[{"name":"wp","href":"https:\/\/api.w.org\/{rel}","templated":true}]}}