{"id":4770,"date":"2023-12-18T16:26:43","date_gmt":"2023-12-18T15:26:43","guid":{"rendered":"https:\/\/masseriaaipini.com\/?page_id=4770"},"modified":"2024-01-23T06:36:29","modified_gmt":"2024-01-23T05:36:29","slug":"pie-de-imprenta","status":"publish","type":"page","link":"https:\/\/masseriaaipini.com\/es\/pie-de-imprenta\/","title":{"rendered":"Pie de imprenta"},"content":{"rendered":"\r\n<h2><\/h2>\r\n<h2><\/h2>\r\n<h2>Pie de imprenta<\/h2>\r\n<p><strong>Oficina de la empresa<\/strong><br \/>Masseria ai Pini SRLS<br \/>Via della Scienze, 6<br \/>74015 Martina Franca, TR<br \/>Apulia\/Italy<br \/>E-mail: ciao@masseriaaipini.it<br \/><br \/><strong>Codice Fiscale<\/strong><br \/>03343160739<br \/><br \/><strong>EU-VAT-ID<\/strong><br \/>IT03343160739<br \/><br \/><strong>Representante<\/strong><br \/>Susanne Panknin<br \/><br \/><strong>Resoluci\u00f3n de litigios en l\u00ednea<\/strong><br \/>La Comisi\u00f3n Europea ofrece una plataforma para la resoluci\u00f3n de litigios en l\u00ednea (ODR). Puede encontrar esta plataforma en <a href=\"https:\/\/ec.europa.eu\/consumers\/odr\/\">https:\/\/ec.europa.eu\/consumers\/odr\/<\/a>. No estamos comprometidos ni dispuestos a participar en una resoluci\u00f3n de litigios en l\u00ednea ante una junta arbitral de consumo.<br \/><br \/><strong>Autoridad inspectora<\/strong><br \/>Camera di Commercio Industria Artigianato e Agricoltura di TARANTO<br \/><br \/><strong>Registro<\/strong><br \/>Registro Imprese &#8211; Archivio ufficiale della CCIAA Numero REA: TA &#8211; 209671<\/p>\r\n<h2><\/h2>\r\n<h2><\/h2>\r\n","protected":false},"excerpt":{"rendered":"<p>&#8230; <a class=\"more-link\" href=\"https:\/\/masseriaaipini.com\/es\/pie-de-imprenta\/\">Continue reading<\/a><\/p>\n","protected":false},"author":1,"featured_media":0,"parent":0,"menu_order":0,"comment_status":"closed","ping_status":"closed","template":"","meta":{"_coblocks_attr":"","_coblocks_dimensions":"","_coblocks_responsive_height":"","_coblocks_accordion_ie_support":"","footnotes":""},"class_list":["post-4770","page","type-page","status-publish","hentry"],"yoast_head":"<!-- This site is optimized with the Yoast SEO plugin v27.5 - https:\/\/yoast.com\/product\/yoast-seo-wordpress\/ -->\n<title>Pie de imprenta - Masseria ai Pini<\/title>\n<meta name=\"robots\" content=\"noindex, follow\" \/>\n<meta name=\"twitter:label1\" content=\"Tiempo de lectura\" \/>\n\t<meta name=\"twitter:data1\" content=\"1 minuto\" \/>\n<script type=\"application\/ld+json\" class=\"yoast-schema-graph\">{\"@context\":\"https:\\\/\\\/schema.org\",\"@graph\":[{\"@type\":\"WebPage\",\"@id\":\"https:\\\/\\\/masseriaaipini.com\\\/es\\\/pie-de-imprenta\\\/\",\"url\":\"https:\\\/\\\/masseriaaipini.com\\\/es\\\/pie-de-imprenta\\\/\",\"name\":\"Pie de imprenta - Masseria ai Pini\",\"isPartOf\":{\"@id\":\"https:\\\/\\\/masseriaaipini.com\\\/en\\\/#website\"},\"datePublished\":\"2023-12-18T15:26:43+00:00\",\"dateModified\":\"2024-01-23T05:36:29+00:00\",\"breadcrumb\":{\"@id\":\"https:\\\/\\\/masseriaaipini.com\\\/es\\\/pie-de-imprenta\\\/#breadcrumb\"},\"inLanguage\":\"es\",\"potentialAction\":[{\"@type\":\"ReadAction\",\"target\":[\"https:\\\/\\\/masseriaaipini.com\\\/es\\\/pie-de-imprenta\\\/\"]}]},{\"@type\":\"BreadcrumbList\",\"@id\":\"https:\\\/\\\/masseriaaipini.com\\\/es\\\/pie-de-imprenta\\\/#breadcrumb\",\"itemListElement\":[{\"@type\":\"ListItem\",\"position\":1,\"name\":\"Home\",\"item\":\"https:\\\/\\\/masseriaaipini.com\\\/es\\\/\"},{\"@type\":\"ListItem\",\"position\":2,\"name\":\"Pie de imprenta\"}]},{\"@type\":\"WebSite\",\"@id\":\"https:\\\/\\\/masseriaaipini.com\\\/en\\\/#website\",\"url\":\"https:\\\/\\\/masseriaaipini.com\\\/en\\\/\",\"name\":\"Masseria ai Pini\",\"description\":\"An exclusive, private Holiday-Villa with pool in Apulia\",\"publisher\":{\"@id\":\"https:\\\/\\\/masseriaaipini.com\\\/en\\\/#organization\"},\"potentialAction\":[{\"@type\":\"SearchAction\",\"target\":{\"@type\":\"EntryPoint\",\"urlTemplate\":\"https:\\\/\\\/masseriaaipini.com\\\/en\\\/?s={search_term_string}\"},\"query-input\":{\"@type\":\"PropertyValueSpecification\",\"valueRequired\":true,\"valueName\":\"search_term_string\"}}],\"inLanguage\":\"es\"},{\"@type\":\"Organization\",\"@id\":\"https:\\\/\\\/masseriaaipini.com\\\/en\\\/#organization\",\"name\":\"Masseria ai Pini\",\"url\":\"https:\\\/\\\/masseriaaipini.com\\\/en\\\/\",\"logo\":{\"@type\":\"ImageObject\",\"inLanguage\":\"es\",\"@id\":\"https:\\\/\\\/masseriaaipini.com\\\/en\\\/#\\\/schema\\\/logo\\\/image\\\/\",\"url\":\"https:\\\/\\\/masseriaaipini.com\\\/wp-content\\\/uploads\\\/2023\\\/11\\\/MAP_Logo_1c.png\",\"contentUrl\":\"https:\\\/\\\/masseriaaipini.com\\\/wp-content\\\/uploads\\\/2023\\\/11\\\/MAP_Logo_1c.png\",\"width\":842,\"height\":595,\"caption\":\"Masseria ai Pini\"},\"image\":{\"@id\":\"https:\\\/\\\/masseriaaipini.com\\\/en\\\/#\\\/schema\\\/logo\\\/image\\\/\"},\"sameAs\":[\"https:\\\/\\\/www.facebook.com\\\/profile.php?id=61554791164384\",\"https:\\\/\\\/www.instagram.com\\\/masseria_ai_pini\\\/\"]}]}<\/script>\n<!-- \/ Yoast SEO plugin. -->","yoast_head_json":{"title":"Pie de imprenta - Masseria ai Pini","robots":{"index":"noindex","follow":"follow"},"twitter_misc":{"Tiempo de lectura":"1 minuto"},"schema":{"@context":"https:\/\/schema.org","@graph":[{"@type":"WebPage","@id":"https:\/\/masseriaaipini.com\/es\/pie-de-imprenta\/","url":"https:\/\/masseriaaipini.com\/es\/pie-de-imprenta\/","name":"Pie de imprenta - Masseria ai Pini","isPartOf":{"@id":"https:\/\/masseriaaipini.com\/en\/#website"},"datePublished":"2023-12-18T15:26:43+00:00","dateModified":"2024-01-23T05:36:29+00:00","breadcrumb":{"@id":"https:\/\/masseriaaipini.com\/es\/pie-de-imprenta\/#breadcrumb"},"inLanguage":"es","potentialAction":[{"@type":"ReadAction","target":["https:\/\/masseriaaipini.com\/es\/pie-de-imprenta\/"]}]},{"@type":"BreadcrumbList","@id":"https:\/\/masseriaaipini.com\/es\/pie-de-imprenta\/#breadcrumb","itemListElement":[{"@type":"ListItem","position":1,"name":"Home","item":"https:\/\/masseriaaipini.com\/es\/"},{"@type":"ListItem","position":2,"name":"Pie de imprenta"}]},{"@type":"WebSite","@id":"https:\/\/masseriaaipini.com\/en\/#website","url":"https:\/\/masseriaaipini.com\/en\/","name":"Masseria ai Pini","description":"An exclusive, private Holiday-Villa with pool in Apulia","publisher":{"@id":"https:\/\/masseriaaipini.com\/en\/#organization"},"potentialAction":[{"@type":"SearchAction","target":{"@type":"EntryPoint","urlTemplate":"https:\/\/masseriaaipini.com\/en\/?s={search_term_string}"},"query-input":{"@type":"PropertyValueSpecification","valueRequired":true,"valueName":"search_term_string"}}],"inLanguage":"es"},{"@type":"Organization","@id":"https:\/\/masseriaaipini.com\/en\/#organization","name":"Masseria ai Pini","url":"https:\/\/masseriaaipini.com\/en\/","logo":{"@type":"ImageObject","inLanguage":"es","@id":"https:\/\/masseriaaipini.com\/en\/#\/schema\/logo\/image\/","url":"https:\/\/masseriaaipini.com\/wp-content\/uploads\/2023\/11\/MAP_Logo_1c.png","contentUrl":"https:\/\/masseriaaipini.com\/wp-content\/uploads\/2023\/11\/MAP_Logo_1c.png","width":842,"height":595,"caption":"Masseria ai Pini"},"image":{"@id":"https:\/\/masseriaaipini.com\/en\/#\/schema\/logo\/image\/"},"sameAs":["https:\/\/www.facebook.com\/profile.php?id=61554791164384","https:\/\/www.instagram.com\/masseria_ai_pini\/"]}]}},"_links":{"self":[{"href":"https:\/\/masseriaaipini.com\/es\/wp-json\/wp\/v2\/pages\/4770","targetHints":{"allow":["GET"]}}],"collection":[{"href":"https:\/\/masseriaaipini.com\/es\/wp-json\/wp\/v2\/pages"}],"about":[{"href":"https:\/\/masseriaaipini.com\/es\/wp-json\/wp\/v2\/types\/page"}],"author":[{"embeddable":true,"href":"https:\/\/masseriaaipini.com\/es\/wp-json\/wp\/v2\/users\/1"}],"replies":[{"embeddable":true,"href":"https:\/\/masseriaaipini.com\/es\/wp-json\/wp\/v2\/comments?post=4770"}],"version-history":[{"count":0,"href":"https:\/\/masseriaaipini.com\/es\/wp-json\/wp\/v2\/pages\/4770\/revisions"}],"wp:attachment":[{"href":"https:\/\/masseriaaipini.com\/es\/wp-json\/wp\/v2\/media?parent=4770"}],"curies":[{"name":"wp","href":"https:\/\/api.w.org\/{rel}","templated":true}]}}