{"id":4792,"date":"2023-12-16T11:45:37","date_gmt":"2023-12-16T10:45:37","guid":{"rendered":"https:\/\/masseriaaipini.com\/?page_id=4792"},"modified":"2025-09-08T21:25:12","modified_gmt":"2025-09-08T19:25:12","slug":"buchungsbedingungenallgemeine-geschaeftsbedingungen","status":"publish","type":"page","link":"https:\/\/masseriaaipini.com\/de\/buchungsbedingungenallgemeine-geschaeftsbedingungen\/","title":{"rendered":"Buchungs- + Gesch\u00e4ftsbedingungen"},"content":{"rendered":"<h3 style=\"font-weight: 400;\"><strong>Buchungs- + Gesch\u00e4ftsbedingungen<\/strong><\/h3>\n<p><strong>Wichtige Hinweise<\/strong><\/p>\n<p>&#8211; Der Swimmingpool ist jedes Jahr vom 01. April bis 31. Oktober ge\u00f6ffnet.<\/p>\n<p>&#8211; Bettw\u00e4sche, Handt\u00fccher, Poolhandt\u00fccher und Geschirrt\u00fccher werden einmal pro Buchungszeitraum zur Verf\u00fcgung gestellt.<\/p>\n<p>&#8211; Wir m\u00f6chten darauf hinweisen, da\u00df der Innenbereich der Masseria ai Pini ein Nichtraucherbereich ist. Das Rauchen ist nur im Au\u00dfenbereich erlaubt. Bitte beachten Sie dies besonders in den trockenen Sommermonaten.<\/p>\n<p>&#8211; Wir m\u00f6chten ebenfalls darauf hinweisen, dass die Masseria ai Pini aufgrund ihrer historischen Bauweise nicht f\u00fcr Kleinkinder geeignet ist. Insbesondere der 1. Stock, der \u00fcber eine steile und enge Treppe zu erreichen ist, die Dachterrassen und der Poolbereich sind nicht gesichert.<\/p>\n<p>&#8211; Partys jeglicher Art, nicht genehmigte professionelle Film-\/Fotoaufnahmen, die Nutzung des Kamins in der K\u00fcche und Haustiere sind nicht gestattet.<\/p>\n<p>&#8211; Die Location kann auf Anfrage f\u00fcr professionelle Bewegtbild-Drehs und Fotoshootings angemietet werden.<\/p>\n<p>&#8211; Langfristige Vermietungen au\u00dferhalb der Buchungssaison sind auf Anfrage m\u00f6glich.<\/p>\n<p><strong><br \/>\nBuchungskontakt<\/strong><\/p>\n<p>ApulienBNV<br \/>\nCristina Valente<br \/>\nProperty Management<br \/>\nTelefon: +39 393 811 19 88<br \/>\nEmail: <a href=\"mailto:booking@masseriaaipini.it\">booking@masseriaaipini.it<\/a><\/p>\n<p><strong><br \/>\nReservierung und Buchung<br \/>\n<\/strong><\/p>\n<p><strong>&#8211; Mindestbuchung in Tagen:<\/strong><\/p>\n<p>&#8211; Mai (mindestens 3 Tage)<br \/>\n&#8211; Juni (mindestens 3 Tage)<br \/>\n&#8211; Juli (mindestens 4 Tage)<br \/>\n&#8211; August, erste + letzte Woche (mindestens 4 Tage)<br \/>\n&#8211; August, Ferragosto (mindestens 5 Tage)<br \/>\n&#8211; September (mindestens 3 Tage)<br \/>\n&#8211; October (mindestens 3 Tage)<\/p>\n<p>Andere Termine auf Anfrage unter<a href=\"mailto:booking@masseriaaipini.it\"> booking@masseriaaipini.it<\/a><\/p>\n<p style=\"font-weight: 400;\">&#8211; <strong>Anzahlung zur Buchungsbest\u00e4tigung<\/strong>: Um eine Reservierung zu best\u00e4tigen, erheben wir eine Anzahlung von 50 % des Gesamtbetrags.<\/p>\n<p style=\"font-weight: 400;\">&#8211; <strong>Restzahlung Buchung<\/strong>: Die vollst\u00e4ndige Zahlung des Restbetrags in H\u00f6he von 50 % des Gesamtbetrags muss sp\u00e4testens 30 Tage vor der Ankunft auf unserem Konto eingegangen sein.<\/p>\n<p>&#8211; <strong>Promotions<\/strong>: Buchungen mit Promotion-Code (Rabatt) sind verbindlich und nicht stornierbar.<\/p>\n<p style=\"font-weight: 400;\">&#8211; <strong>Reinigungsgeb\u00fchr<\/strong>: Wir berechnen 250 \u20ac pro Buchungszeitraum.<\/p>\n<p style=\"font-weight: 400;\">&#8211; <strong>Kaution<\/strong>: Pro Buchungszeitraum berechnen wir 1.000 \u20ac bei Ankunft. Diese wird innerhalb von 10 Tagen nach dem Check-out per Bank\u00fcberweisung zur\u00fcckerstattet. Jegliche Sch\u00e4den an und in der Immobilie werden von der Kaution abgezogen.<\/p>\n<p style=\"font-weight: 400;\">Die Zahlung kann per Bank\u00fcberweisung oder Paypal erfolgen.<\/p>\n<p><strong><br \/>\nStornierungsbedingungen<\/strong><\/p>\n<p style=\"font-weight: 400;\">&#8211; <strong>Bis zu 90 Tage<\/strong> vor der Ankunft werden 100 % der Buchungsanzahlung zur\u00fcckerstattet.<\/p>\n<p style=\"font-weight: 400;\">&#8211;<strong> Von 90 Tagen bis 30 Tage<\/strong> vor der Ankunft wird 50 % der Buchungsanzahlung einbehalten.<\/p>\n<p style=\"font-weight: 400;\">&#8211; <strong>Weniger als 30 Tage<\/strong> vor Ihrer Ankunft erfolgt keine R\u00fcckerstattung der Buchungsanzahlung.<\/p>\n<p><strong><br \/>\nZahlung<\/strong><\/p>\n<p style=\"font-weight: 400;\"><strong>&#8211; Bankkonto<\/strong><\/p>\n<p style=\"font-weight: 400;\">Details erh\u00e4lt Du mit Deiner Buchungsbest\u00e4tigung.<\/p>\n<p style=\"font-weight: 400;\"><strong><br \/>\n&#8211; Paypal<\/strong><\/p>\n<p><a href=\"http:\/\/paypal.me\/MasseriaaiPiniSRLS\">Zahlung \u00fcber Paypal<\/a><\/p>\n<p><strong><br \/>\nStandort der Masseria<\/strong><\/p>\n<p>Masseria ai Pini<br \/>\nContrada Grottamiranda, 3<br \/>\n72012 Carovigno (BR)<br \/>\nApulien\/Italien<\/p>\n<p>Standort auf <a href=\"https:\/\/www.google.it\/maps\/place\/40\u00b039'44.0%22N+17\u00b044'50.2%22E\/@40.5656051,17.7953967,11z\/data=!4m4!3m3!8m2!3d40.6622222!4d17.7472778?hl=de&amp;entry=ttu\">Google Maps<\/a><\/p>\n<p><strong><br \/>\nGesch\u00e4ftsadresse<\/strong><\/p>\n<p>Masseria ai Pini SRLS<br \/>\nVia della Scienze, 6<br \/>\n74015 Martina Franca, TR<br \/>\nApulien\/Italien<\/p>\n<p>Codice Fiscal: 03343160739<br \/>\nEU-USt.-ID: IT03343160739<br \/>\nCIS: BR07400242000026749<br \/>\nCIN: IT074002B400091210<\/p>\n","protected":false},"excerpt":{"rendered":"<p>Buchungs- + Gesch\u00e4ftsbedingungen Wichtige Hinweise &#8211; Der Swimmingpool ist jedes Jahr vom 01. April bis 31. Oktober ge\u00f6ffnet. &#8211; Bettw\u00e4sche, Handt\u00fccher, Poolhandt\u00fccher und Geschirrt\u00fccher werden einmal pro Buchungszeitraum zur Verf\u00fcgung gestellt. &#8211; Wir m\u00f6chten darauf hinweisen, da\u00df der Innenbereich der Masseria ai Pini ein Nichtraucherbereich ist. Das Rauchen ist nur im Au\u00dfenbereich erlaubt. Bitte beachten &#8230; <a class=\"more-link\" href=\"https:\/\/masseriaaipini.com\/de\/buchungsbedingungenallgemeine-geschaeftsbedingungen\/\">Continue reading<\/a><\/p>\n","protected":false},"author":1,"featured_media":0,"parent":0,"menu_order":0,"comment_status":"closed","ping_status":"closed","template":"","meta":{"_coblocks_attr":"","_coblocks_dimensions":"","_coblocks_responsive_height":"","_coblocks_accordion_ie_support":"","footnotes":""},"class_list":["post-4792","page","type-page","status-publish","hentry"],"yoast_head":"<!-- This site is optimized with the Yoast SEO plugin v27.5 - https:\/\/yoast.com\/product\/yoast-seo-wordpress\/ -->\n<title>Buchungs- + Gesch\u00e4ftsbedingungen - Masseria ai Pini<\/title>\n<meta name=\"robots\" content=\"noindex, follow\" \/>\n<meta name=\"twitter:label1\" content=\"Gesch\u00e4tzte Lesezeit\" \/>\n\t<meta name=\"twitter:data1\" content=\"2 Minuten\" \/>\n<script type=\"application\/ld+json\" class=\"yoast-schema-graph\">{\"@context\":\"https:\\\/\\\/schema.org\",\"@graph\":[{\"@type\":\"WebPage\",\"@id\":\"https:\\\/\\\/masseriaaipini.com\\\/de\\\/buchungsbedingungenallgemeine-geschaeftsbedingungen\\\/\",\"url\":\"https:\\\/\\\/masseriaaipini.com\\\/de\\\/buchungsbedingungenallgemeine-geschaeftsbedingungen\\\/\",\"name\":\"Buchungs- + Gesch\u00e4ftsbedingungen - Masseria ai Pini\",\"isPartOf\":{\"@id\":\"https:\\\/\\\/masseriaaipini.com\\\/en\\\/#website\"},\"datePublished\":\"2023-12-16T10:45:37+00:00\",\"dateModified\":\"2025-09-08T19:25:12+00:00\",\"breadcrumb\":{\"@id\":\"https:\\\/\\\/masseriaaipini.com\\\/de\\\/buchungsbedingungenallgemeine-geschaeftsbedingungen\\\/#breadcrumb\"},\"inLanguage\":\"de-DE\",\"potentialAction\":[{\"@type\":\"ReadAction\",\"target\":[\"https:\\\/\\\/masseriaaipini.com\\\/de\\\/buchungsbedingungenallgemeine-geschaeftsbedingungen\\\/\"]}]},{\"@type\":\"BreadcrumbList\",\"@id\":\"https:\\\/\\\/masseriaaipini.com\\\/de\\\/buchungsbedingungenallgemeine-geschaeftsbedingungen\\\/#breadcrumb\",\"itemListElement\":[{\"@type\":\"ListItem\",\"position\":1,\"name\":\"Home\",\"item\":\"https:\\\/\\\/masseriaaipini.com\\\/de\\\/\"},{\"@type\":\"ListItem\",\"position\":2,\"name\":\"Buchungs- + Gesch\u00e4ftsbedingungen\"}]},{\"@type\":\"WebSite\",\"@id\":\"https:\\\/\\\/masseriaaipini.com\\\/en\\\/#website\",\"url\":\"https:\\\/\\\/masseriaaipini.com\\\/en\\\/\",\"name\":\"Masseria ai Pini\",\"description\":\"An exclusive, private Holiday-Villa with pool in Apulia\",\"publisher\":{\"@id\":\"https:\\\/\\\/masseriaaipini.com\\\/en\\\/#organization\"},\"potentialAction\":[{\"@type\":\"SearchAction\",\"target\":{\"@type\":\"EntryPoint\",\"urlTemplate\":\"https:\\\/\\\/masseriaaipini.com\\\/en\\\/?s={search_term_string}\"},\"query-input\":{\"@type\":\"PropertyValueSpecification\",\"valueRequired\":true,\"valueName\":\"search_term_string\"}}],\"inLanguage\":\"de-DE\"},{\"@type\":\"Organization\",\"@id\":\"https:\\\/\\\/masseriaaipini.com\\\/en\\\/#organization\",\"name\":\"Masseria ai Pini\",\"url\":\"https:\\\/\\\/masseriaaipini.com\\\/en\\\/\",\"logo\":{\"@type\":\"ImageObject\",\"inLanguage\":\"de-DE\",\"@id\":\"https:\\\/\\\/masseriaaipini.com\\\/en\\\/#\\\/schema\\\/logo\\\/image\\\/\",\"url\":\"https:\\\/\\\/masseriaaipini.com\\\/wp-content\\\/uploads\\\/2023\\\/11\\\/MAP_Logo_1c.png\",\"contentUrl\":\"https:\\\/\\\/masseriaaipini.com\\\/wp-content\\\/uploads\\\/2023\\\/11\\\/MAP_Logo_1c.png\",\"width\":842,\"height\":595,\"caption\":\"Masseria ai Pini\"},\"image\":{\"@id\":\"https:\\\/\\\/masseriaaipini.com\\\/en\\\/#\\\/schema\\\/logo\\\/image\\\/\"},\"sameAs\":[\"https:\\\/\\\/www.facebook.com\\\/profile.php?id=61554791164384\",\"https:\\\/\\\/www.instagram.com\\\/masseria_ai_pini\\\/\"]}]}<\/script>\n<!-- \/ Yoast SEO plugin. -->","yoast_head_json":{"title":"Buchungs- + Gesch\u00e4ftsbedingungen - Masseria ai Pini","robots":{"index":"noindex","follow":"follow"},"twitter_misc":{"Gesch\u00e4tzte Lesezeit":"2 Minuten"},"schema":{"@context":"https:\/\/schema.org","@graph":[{"@type":"WebPage","@id":"https:\/\/masseriaaipini.com\/de\/buchungsbedingungenallgemeine-geschaeftsbedingungen\/","url":"https:\/\/masseriaaipini.com\/de\/buchungsbedingungenallgemeine-geschaeftsbedingungen\/","name":"Buchungs- + Gesch\u00e4ftsbedingungen - Masseria ai Pini","isPartOf":{"@id":"https:\/\/masseriaaipini.com\/en\/#website"},"datePublished":"2023-12-16T10:45:37+00:00","dateModified":"2025-09-08T19:25:12+00:00","breadcrumb":{"@id":"https:\/\/masseriaaipini.com\/de\/buchungsbedingungenallgemeine-geschaeftsbedingungen\/#breadcrumb"},"inLanguage":"de-DE","potentialAction":[{"@type":"ReadAction","target":["https:\/\/masseriaaipini.com\/de\/buchungsbedingungenallgemeine-geschaeftsbedingungen\/"]}]},{"@type":"BreadcrumbList","@id":"https:\/\/masseriaaipini.com\/de\/buchungsbedingungenallgemeine-geschaeftsbedingungen\/#breadcrumb","itemListElement":[{"@type":"ListItem","position":1,"name":"Home","item":"https:\/\/masseriaaipini.com\/de\/"},{"@type":"ListItem","position":2,"name":"Buchungs- + Gesch\u00e4ftsbedingungen"}]},{"@type":"WebSite","@id":"https:\/\/masseriaaipini.com\/en\/#website","url":"https:\/\/masseriaaipini.com\/en\/","name":"Masseria ai Pini","description":"An exclusive, private Holiday-Villa with pool in Apulia","publisher":{"@id":"https:\/\/masseriaaipini.com\/en\/#organization"},"potentialAction":[{"@type":"SearchAction","target":{"@type":"EntryPoint","urlTemplate":"https:\/\/masseriaaipini.com\/en\/?s={search_term_string}"},"query-input":{"@type":"PropertyValueSpecification","valueRequired":true,"valueName":"search_term_string"}}],"inLanguage":"de-DE"},{"@type":"Organization","@id":"https:\/\/masseriaaipini.com\/en\/#organization","name":"Masseria ai Pini","url":"https:\/\/masseriaaipini.com\/en\/","logo":{"@type":"ImageObject","inLanguage":"de-DE","@id":"https:\/\/masseriaaipini.com\/en\/#\/schema\/logo\/image\/","url":"https:\/\/masseriaaipini.com\/wp-content\/uploads\/2023\/11\/MAP_Logo_1c.png","contentUrl":"https:\/\/masseriaaipini.com\/wp-content\/uploads\/2023\/11\/MAP_Logo_1c.png","width":842,"height":595,"caption":"Masseria ai Pini"},"image":{"@id":"https:\/\/masseriaaipini.com\/en\/#\/schema\/logo\/image\/"},"sameAs":["https:\/\/www.facebook.com\/profile.php?id=61554791164384","https:\/\/www.instagram.com\/masseria_ai_pini\/"]}]}},"_links":{"self":[{"href":"https:\/\/masseriaaipini.com\/de\/wp-json\/wp\/v2\/pages\/4792","targetHints":{"allow":["GET"]}}],"collection":[{"href":"https:\/\/masseriaaipini.com\/de\/wp-json\/wp\/v2\/pages"}],"about":[{"href":"https:\/\/masseriaaipini.com\/de\/wp-json\/wp\/v2\/types\/page"}],"author":[{"embeddable":true,"href":"https:\/\/masseriaaipini.com\/de\/wp-json\/wp\/v2\/users\/1"}],"replies":[{"embeddable":true,"href":"https:\/\/masseriaaipini.com\/de\/wp-json\/wp\/v2\/comments?post=4792"}],"version-history":[{"count":0,"href":"https:\/\/masseriaaipini.com\/de\/wp-json\/wp\/v2\/pages\/4792\/revisions"}],"wp:attachment":[{"href":"https:\/\/masseriaaipini.com\/de\/wp-json\/wp\/v2\/media?parent=4792"}],"curies":[{"name":"wp","href":"https:\/\/api.w.org\/{rel}","templated":true}]}}