{"id":4783,"date":"2023-12-18T16:24:07","date_gmt":"2023-12-18T15:24:07","guid":{"rendered":"https:\/\/masseriaaipini.com\/?page_id=4783"},"modified":"2024-01-23T06:34:58","modified_gmt":"2024-01-23T05:34:58","slug":"datenschutz","status":"publish","type":"page","link":"https:\/\/masseriaaipini.com\/de\/datenschutz\/","title":{"rendered":"Datenschutzerkl\u00e4rung"},"content":{"rendered":"<h2>Datenschutzerkl\u00e4rung von masseriaaipini.com<\/h2>\n<p>Diese Anwendung sammelt einige personenbezogene Daten ihrer Nutzer.<\/p>\n<p style=\"font-weight: 400;\"><strong>Datenschutzbeauftragte<br \/>\n<\/strong>Susanne Panknin<\/p>\n<p style=\"font-weight: 400;\">Personenbezogene Daten werden f\u00fcr die folgenden Zwecke und unter Nutzung der folgenden Dienste verarbeitet:<\/p>\n<p style=\"font-weight: 400;\"><strong>Kontakt mit dem Nutzer<br \/>\n<\/strong>Kontaktformular, Mailingliste oder Newsletter:<br \/>\nPersonenbezogene Daten: Nachname, Vorname, Email<\/p>\n<p style=\"font-weight: 400;\"><strong>Tag-Verwaltung<br \/>\n<\/strong>Google Tag Manager<br \/>\nPersonenbezogene Daten: Nutzungsdaten<\/p>\n<p style=\"font-weight: 400;\"><strong>Nutzer-Statistiken<br \/>\n<\/strong>Google Analytics<br \/>\nPersonenbezogene Daten: Nutzungsdaten, Tracking-Tools<\/p>\n<p style=\"font-weight: 400;\"><strong>Anzeige von Inhalten aus externen Plattformen<br \/>\n<\/strong>Google Fonts<br \/>\nPersonenbezogene Daten: Nutzungsdaten, Tracking-Tools<\/p>\n<p><strong>Instagram<br \/>\n<\/strong><em>in Bearbeitung<\/em><\/p>\n<p><strong>Facebook<br \/>\n<\/strong><em>in Bearbeitung<\/p>\n<p><\/em><\/p>\n<p><strong>Rechte der Nutzer und Betroffenen &#8211; DSGVO<\/strong><\/p>\n<p>Mit Blick auf die nachfolgend noch n\u00e4her beschriebene Datenverarbeitung haben die Nutzer und Betroffenen das Recht \u2026<\/p>\n<p>\u2022 auf Best\u00e4tigung, ob sie betreffende Daten verarbeitet werden, auf Auskunft \u00fcber die verarbeiteten Daten, auf weitere Informationen \u00fcber die Datenverarbeitung sowie auf Kopien der Daten (vgl. auch Art. 15 DSGVO);<\/p>\n<p>\u2022 auf Berichtigung oder Vervollst\u00e4ndigung unrichtiger bzw. unvollst\u00e4ndiger Daten (vgl. auch Art. 16 DSGVO);<\/p>\n<p>\u2022 auf unverz\u00fcgliche L\u00f6schung der sie betreffenden Daten (vgl. auch Art. 17 DSGVO), oder, alternativ, soweit eine weitere Verarbeitung gem\u00e4\u00df Art. 17 Abs. 3 DSGVO erforderlich ist, auf Einschr\u00e4nkung der Verarbeitung nach Ma\u00dfgabe von Art. 18 DSGVO;<\/p>\n<p>\u2022 auf Erhalt der sie betreffenden und von ihnen bereitgestellten Daten und auf \u00dcbermittlung dieser Daten an andere Anbieter\/Verantwortliche (vgl. auch Art. 20 DSGVO);<\/p>\n<p>\u2022 auf Beschwerde gegen\u00fcber der Aufsichtsbeh\u00f6rde, sofern sie der Ansicht sind, dass die sie betreffenden Daten durch den Anbieter unter Versto\u00df gegen datenschutzrechtliche Bestimmungen verarbeitet werden (vgl. auch Art. 77 DSGVO).<\/p>\n<p>Dar\u00fcber hinaus sind wir als Anbieter dazu verpflichtet, alle Empf\u00e4nger, denen gegen\u00fcber Daten durch den Anbieter offengelegt worden sind, \u00fcber jedwede Berichtigung oder L\u00f6schung von Daten oder die Einschr\u00e4nkung der Verarbeitung, die aufgrund der Artikel 16, 17 Abs. 1, 18 DSGVO erfolgt, zu unterrichten. Diese Verpflichtung besteht jedoch nicht, soweit diese Mitteilung unm\u00f6glich oder mit einem unverh\u00e4ltnism\u00e4\u00dfigen Aufwand verbunden ist. Unbeschadet dessen hat der Nutzer ein Recht auf Auskunft \u00fcber diese Empf\u00e4nger.<\/p>\n<p>Ebenfalls haben die Nutzer und Betroffenen nach Art. 21 DSGVO das Recht auf Widerspruch gegen die k\u00fcnftige Verarbeitung der sie betreffenden Daten, sofern die Daten durch den Anbieter nach Ma\u00dfgabe von Art. 6 Abs. 1 lit. f) DSGVO verarbeitet werden. Insbesondere ist ein Widerspruch gegen die Datenverarbeitung zum Zwecke der Direktwerbung statthaft.<\/p>\n<p><em>\u00a0<\/em><\/p>\n<p>&nbsp;<\/p>\n","protected":false},"excerpt":{"rendered":"<p>Datenschutzerkl\u00e4rung von masseriaaipini.com Diese Anwendung sammelt einige personenbezogene Daten ihrer Nutzer. Datenschutzbeauftragte Susanne Panknin Personenbezogene Daten werden f\u00fcr die folgenden Zwecke und unter Nutzung der folgenden Dienste verarbeitet: Kontakt mit dem Nutzer Kontaktformular, Mailingliste oder Newsletter: Personenbezogene Daten: Nachname, Vorname, Email Tag-Verwaltung Google Tag Manager Personenbezogene Daten: Nutzungsdaten Nutzer-Statistiken Google Analytics Personenbezogene Daten: Nutzungsdaten, Tracking-Tools &#8230; <a class=\"more-link\" href=\"https:\/\/masseriaaipini.com\/de\/datenschutz\/\">Continue reading<\/a><\/p>\n","protected":false},"author":1,"featured_media":0,"parent":0,"menu_order":0,"comment_status":"closed","ping_status":"closed","template":"","meta":{"_coblocks_attr":"","_coblocks_dimensions":"","_coblocks_responsive_height":"","_coblocks_accordion_ie_support":"","footnotes":""},"class_list":["post-4783","page","type-page","status-publish","hentry"],"yoast_head":"<!-- This site is optimized with the Yoast SEO plugin v27.5 - https:\/\/yoast.com\/product\/yoast-seo-wordpress\/ -->\n<title>Datenschutzerkl\u00e4rung - Masseria ai Pini<\/title>\n<meta name=\"robots\" content=\"noindex, follow\" \/>\n<meta name=\"twitter:label1\" content=\"Gesch\u00e4tzte Lesezeit\" \/>\n\t<meta name=\"twitter:data1\" content=\"2 Minuten\" \/>\n<script type=\"application\/ld+json\" class=\"yoast-schema-graph\">{\"@context\":\"https:\\\/\\\/schema.org\",\"@graph\":[{\"@type\":\"WebPage\",\"@id\":\"https:\\\/\\\/masseriaaipini.com\\\/de\\\/datenschutz\\\/\",\"url\":\"https:\\\/\\\/masseriaaipini.com\\\/de\\\/datenschutz\\\/\",\"name\":\"Datenschutzerkl\u00e4rung - Masseria ai Pini\",\"isPartOf\":{\"@id\":\"https:\\\/\\\/masseriaaipini.com\\\/en\\\/#website\"},\"datePublished\":\"2023-12-18T15:24:07+00:00\",\"dateModified\":\"2024-01-23T05:34:58+00:00\",\"breadcrumb\":{\"@id\":\"https:\\\/\\\/masseriaaipini.com\\\/de\\\/datenschutz\\\/#breadcrumb\"},\"inLanguage\":\"de-DE\",\"potentialAction\":[{\"@type\":\"ReadAction\",\"target\":[\"https:\\\/\\\/masseriaaipini.com\\\/de\\\/datenschutz\\\/\"]}]},{\"@type\":\"BreadcrumbList\",\"@id\":\"https:\\\/\\\/masseriaaipini.com\\\/de\\\/datenschutz\\\/#breadcrumb\",\"itemListElement\":[{\"@type\":\"ListItem\",\"position\":1,\"name\":\"Home\",\"item\":\"https:\\\/\\\/masseriaaipini.com\\\/de\\\/\"},{\"@type\":\"ListItem\",\"position\":2,\"name\":\"Datenschutzerkl\u00e4rung\"}]},{\"@type\":\"WebSite\",\"@id\":\"https:\\\/\\\/masseriaaipini.com\\\/en\\\/#website\",\"url\":\"https:\\\/\\\/masseriaaipini.com\\\/en\\\/\",\"name\":\"Masseria ai Pini\",\"description\":\"An exclusive, private Holiday-Villa with pool in Apulia\",\"publisher\":{\"@id\":\"https:\\\/\\\/masseriaaipini.com\\\/en\\\/#organization\"},\"potentialAction\":[{\"@type\":\"SearchAction\",\"target\":{\"@type\":\"EntryPoint\",\"urlTemplate\":\"https:\\\/\\\/masseriaaipini.com\\\/en\\\/?s={search_term_string}\"},\"query-input\":{\"@type\":\"PropertyValueSpecification\",\"valueRequired\":true,\"valueName\":\"search_term_string\"}}],\"inLanguage\":\"de-DE\"},{\"@type\":\"Organization\",\"@id\":\"https:\\\/\\\/masseriaaipini.com\\\/en\\\/#organization\",\"name\":\"Masseria ai Pini\",\"url\":\"https:\\\/\\\/masseriaaipini.com\\\/en\\\/\",\"logo\":{\"@type\":\"ImageObject\",\"inLanguage\":\"de-DE\",\"@id\":\"https:\\\/\\\/masseriaaipini.com\\\/en\\\/#\\\/schema\\\/logo\\\/image\\\/\",\"url\":\"https:\\\/\\\/masseriaaipini.com\\\/wp-content\\\/uploads\\\/2023\\\/11\\\/MAP_Logo_1c.png\",\"contentUrl\":\"https:\\\/\\\/masseriaaipini.com\\\/wp-content\\\/uploads\\\/2023\\\/11\\\/MAP_Logo_1c.png\",\"width\":842,\"height\":595,\"caption\":\"Masseria ai Pini\"},\"image\":{\"@id\":\"https:\\\/\\\/masseriaaipini.com\\\/en\\\/#\\\/schema\\\/logo\\\/image\\\/\"},\"sameAs\":[\"https:\\\/\\\/www.facebook.com\\\/profile.php?id=61554791164384\",\"https:\\\/\\\/www.instagram.com\\\/masseria_ai_pini\\\/\"]}]}<\/script>\n<!-- \/ Yoast SEO plugin. -->","yoast_head_json":{"title":"Datenschutzerkl\u00e4rung - Masseria ai Pini","robots":{"index":"noindex","follow":"follow"},"twitter_misc":{"Gesch\u00e4tzte Lesezeit":"2 Minuten"},"schema":{"@context":"https:\/\/schema.org","@graph":[{"@type":"WebPage","@id":"https:\/\/masseriaaipini.com\/de\/datenschutz\/","url":"https:\/\/masseriaaipini.com\/de\/datenschutz\/","name":"Datenschutzerkl\u00e4rung - Masseria ai Pini","isPartOf":{"@id":"https:\/\/masseriaaipini.com\/en\/#website"},"datePublished":"2023-12-18T15:24:07+00:00","dateModified":"2024-01-23T05:34:58+00:00","breadcrumb":{"@id":"https:\/\/masseriaaipini.com\/de\/datenschutz\/#breadcrumb"},"inLanguage":"de-DE","potentialAction":[{"@type":"ReadAction","target":["https:\/\/masseriaaipini.com\/de\/datenschutz\/"]}]},{"@type":"BreadcrumbList","@id":"https:\/\/masseriaaipini.com\/de\/datenschutz\/#breadcrumb","itemListElement":[{"@type":"ListItem","position":1,"name":"Home","item":"https:\/\/masseriaaipini.com\/de\/"},{"@type":"ListItem","position":2,"name":"Datenschutzerkl\u00e4rung"}]},{"@type":"WebSite","@id":"https:\/\/masseriaaipini.com\/en\/#website","url":"https:\/\/masseriaaipini.com\/en\/","name":"Masseria ai Pini","description":"An exclusive, private Holiday-Villa with pool in Apulia","publisher":{"@id":"https:\/\/masseriaaipini.com\/en\/#organization"},"potentialAction":[{"@type":"SearchAction","target":{"@type":"EntryPoint","urlTemplate":"https:\/\/masseriaaipini.com\/en\/?s={search_term_string}"},"query-input":{"@type":"PropertyValueSpecification","valueRequired":true,"valueName":"search_term_string"}}],"inLanguage":"de-DE"},{"@type":"Organization","@id":"https:\/\/masseriaaipini.com\/en\/#organization","name":"Masseria ai Pini","url":"https:\/\/masseriaaipini.com\/en\/","logo":{"@type":"ImageObject","inLanguage":"de-DE","@id":"https:\/\/masseriaaipini.com\/en\/#\/schema\/logo\/image\/","url":"https:\/\/masseriaaipini.com\/wp-content\/uploads\/2023\/11\/MAP_Logo_1c.png","contentUrl":"https:\/\/masseriaaipini.com\/wp-content\/uploads\/2023\/11\/MAP_Logo_1c.png","width":842,"height":595,"caption":"Masseria ai Pini"},"image":{"@id":"https:\/\/masseriaaipini.com\/en\/#\/schema\/logo\/image\/"},"sameAs":["https:\/\/www.facebook.com\/profile.php?id=61554791164384","https:\/\/www.instagram.com\/masseria_ai_pini\/"]}]}},"_links":{"self":[{"href":"https:\/\/masseriaaipini.com\/de\/wp-json\/wp\/v2\/pages\/4783","targetHints":{"allow":["GET"]}}],"collection":[{"href":"https:\/\/masseriaaipini.com\/de\/wp-json\/wp\/v2\/pages"}],"about":[{"href":"https:\/\/masseriaaipini.com\/de\/wp-json\/wp\/v2\/types\/page"}],"author":[{"embeddable":true,"href":"https:\/\/masseriaaipini.com\/de\/wp-json\/wp\/v2\/users\/1"}],"replies":[{"embeddable":true,"href":"https:\/\/masseriaaipini.com\/de\/wp-json\/wp\/v2\/comments?post=4783"}],"version-history":[{"count":0,"href":"https:\/\/masseriaaipini.com\/de\/wp-json\/wp\/v2\/pages\/4783\/revisions"}],"wp:attachment":[{"href":"https:\/\/masseriaaipini.com\/de\/wp-json\/wp\/v2\/media?parent=4783"}],"curies":[{"name":"wp","href":"https:\/\/api.w.org\/{rel}","templated":true}]}}